{"id":847,"date":"2025-06-19T19:22:17","date_gmt":"2025-06-19T17:22:17","guid":{"rendered":"https:\/\/re-aps.crosss3.eu\/calendar\/"},"modified":"2025-06-19T19:22:17","modified_gmt":"2025-06-19T17:22:17","slug":"calendar","status":"publish","type":"page","link":"https:\/\/re-aps.crosss3.eu\/en\/calendar\/","title":{"rendered":"Calendar"},"content":{"rendered":"\n<div class=\"wp-block-cover alignfull has-parallax cross-banner\" style=\"border-radius:0px;margin-top:0;margin-bottom:0;padding-top:0;padding-right:0;padding-bottom:0;padding-left:0;min-height:50px;aspect-ratio:unset;\"><div class=\"wp-block-cover__image-background wp-image-425 size-full has-parallax\" style=\"background-position:50% 50%;background-image:url(http:\/\/alcove.crosss3.eu\/wp-content\/uploads\/sites\/2\/2025\/06\/getty-images-iskE3fH_LhY-unsplash.jpg)\"><\/div><span aria-hidden=\"true\" class=\"wp-block-cover__background has-background-dim-100 has-background-dim wp-block-cover__gradient-background has-background-gradient has-primary-gradient-background\"><\/span><div class=\"wp-block-cover__inner-container is-layout-flow wp-container-core-cover-is-layout-d9797ee2 wp-block-cover-is-layout-flow\">\n<div class=\"wp-block-group cross-banner__pattern is-layout-flow wp-block-group-is-layout-flow\" style=\"--octopods-group-background-image:url(http:\/\/crosss3.eu\/wp-content\/uploads\/2025\/05\/pattern-white.svg);--octopods-group-background-position:50% 50%;--octopods-group-background-size:auto auto;--octopods-group-background-repeat:repeat;--octopods-group-background-attachment:scroll;--octopods-group-position:absolute;--octopods-group-top:0px;--octopods-group-bottom:0px;--octopods-group-left:0px;--octopods-group-right:0px\" data-aos=\"fade\" data-aos-duration=\"650\" data-aos-easing=\"ease-in-out\" data-aos-once=\"true\"><\/div>\n\n\n\n<div data-aos-duration=\"800\" data-aos-easing=\"ease-out-cubic\" data-aos-once=\"true\" data-aos=\"scale-in-x\" class=\"wp-block-group is-vertical is-content-justification-center is-layout-flex wp-container-core-group-is-layout-58689a44 wp-block-group-is-layout-flex\" style=\"margin-top:0;margin-bottom:0;padding-top:var(--wp--preset--spacing--xx-large);padding-bottom:var(--wp--preset--spacing--xx-large)\"><h1 class=\"has-text-align-center wp-block-post-title has-xxx-large-font-size\">Calendar<\/h1>\n\n\n<div class=\"wp-block-group has-global-padding is-content-justification-left is-layout-constrained wp-container-core-group-is-layout-20f472fc wp-block-group-is-layout-constrained\">\n<p class=\"has-text-align-center\" style=\"font-size:clamp(0.875rem, 0.875rem + ((1vw - 0.2rem) * 0.406), 1.2rem);\">Lorem ipsum dolor sit amet consectetur adipiscing.<\/p>\n<\/div>\n<\/div>\n<\/div><\/div>\n\n\n\n<div class=\"wp-block-getwid-anchor\" id=\"cross-anchor-filters\"><\/div>\n\n\n\n<div class=\"wp-block-group alignfull cross-filters has-base-background-color has-background has-global-padding is-layout-constrained wp-container-core-group-is-layout-4c48b175 wp-block-group-is-layout-constrained wp-container-2 is-position-sticky\" style=\"border-top-color:var(--wp--preset--color--primary-faded);border-top-width:1px;border-bottom-color:var(--wp--preset--color--primary-faded);border-bottom-width:1px;margin-top:0;margin-bottom:0;padding-top:0;padding-right:0;padding-bottom:0;padding-left:0;--octopods-group-z-index:9;--octopods-group-overflow:visible;--octopods-group-position:sticky;--octopods-group-top:0px\">\n<div class=\"wp-block-getwid-toggle\">\n<div class=\"wp-block-getwid-toggle__row\"><div class=\"wp-block-getwid-toggle__header-wrapper\"><h5 class=\"wp-block-getwid-toggle__header\"><a href=\"#\"><span class=\"wp-block-getwid-toggle__header-title\">Filters<\/span><span class=\"wp-block-getwid-toggle__icon is-active\"><i class=\"bx bx-down-arrow-alt\"><\/i><\/span><span class=\"wp-block-getwid-toggle__icon is-passive\"><i class=\"bx bx-up-arrow-alt\"><\/i><\/span><\/a><\/h5><\/div><div class=\"wp-block-getwid-toggle__content-wrapper\"><div class=\"wp-block-getwid-toggle__content\">\n<div class=\"wp-block-group cross-filters__row is-content-justification-space-between is-nowrap is-layout-flex wp-container-core-group-is-layout-b03ce2dd wp-block-group-is-layout-flex\" style=\"margin-top:0;margin-bottom:0;padding-right:0;padding-left:0\">\n<div class=\"wp-block-group cross-filters__item has-global-padding is-layout-constrained wp-block-group-is-layout-constrained\"><div class=\"facetwp-facet facetwp-facet-event_categories facetwp-type-fselect\" data-name=\"event_categories\" data-type=\"fselect\"><\/div>\n<\/div>\n\n\n\n<div class=\"wp-block-group cross-filters__item has-global-padding is-layout-constrained wp-block-group-is-layout-constrained\"><div class=\"facetwp-facet facetwp-facet-themes facetwp-type-fselect\" data-name=\"themes\" data-type=\"fselect\"><\/div>\n<\/div>\n\n\n\n<div class=\"wp-block-group cross-filters__item has-global-padding is-layout-constrained wp-block-group-is-layout-constrained\"><div class=\"facetwp-facet facetwp-facet-event_date facetwp-type-date_range\" data-name=\"event_date\" data-type=\"date_range\"><\/div>\n<\/div>\n<\/div>\n<\/div><\/div><\/div>\n<\/div>\n<\/div>\n\n\n\n<div class=\"wp-block-group has-global-padding is-layout-constrained wp-block-group-is-layout-constrained\" style=\"margin-top:0;margin-bottom:0;padding-top:0;padding-bottom:0\">\n<div class=\"wp-block-query cross-posts-filtered-list is-layout-flow wp-block-query-is-layout-flow\"><ul class=\"columns-2 facetwp-template wp-block-post-template is-layout-grid wp-container-core-post-template-is-layout-d94fdf01 wp-block-post-template-is-layout-grid\"><li class=\"wp-block-post post-890 event type-event status-publish has-post-thumbnail hentry sector-economie-circulaire-2-en\">\n\n<div class=\"wp-block-group cross-card cross-card--event cross-card--slide-item has-border-color has-primary-faded-border-color is-vertical is-content-justification-stretch is-layout-flex wp-container-core-group-is-layout-7e51bace wp-block-group-is-layout-flex\" style=\"border-width:1px;border-radius:0rem;min-height:100%;margin-top:0;margin-bottom:0;padding-top:var(--wp--preset--spacing--small);padding-right:var(--wp--preset--spacing--small);padding-bottom:var(--wp--preset--spacing--small);padding-left:var(--wp--preset--spacing--small);box-shadow:none;--octopods-group-overflow:hidden;--octopods-group-box-shadow:#00000014 0px 0px 25px 0px;--octopods-group-position:relative;aspect-ratio:unset;\" data-aos=\"fade\" data-aos-duration=\"800\" data-aos-easing=\"ease-in-out\" data-aos-once=\"true\">\n<div class=\"wp-block-group w-100 has-neutral-accent-background-color has-background is-layout-flow wp-block-group-is-layout-flow\" style=\"border-radius:0.75rem;margin-top:0;margin-bottom:0;padding-top:0;padding-right:0;padding-bottom:0;padding-left:0;--octopods-group-overflow:visible;--octopods-group-position:relative;aspect-ratio:unset;\"><figure style=\"aspect-ratio:3\/2;\" class=\"w-100 wp-block-post-featured-image\"><a href=\"https:\/\/re-aps.crosss3.eu\/en\/event\/save-the-date-techtextil-2026\/\" target=\"_self\"  ><img loading=\"lazy\" decoding=\"async\" width=\"800\" height=\"450\" src=\"https:\/\/re-aps.crosss3.eu\/wp-content\/uploads\/sites\/7\/2026\/01\/Techtextil_2026.webp\" class=\"attachment-octopods-cover size-octopods-cover wp-post-image\" alt=\"SAVE THE DATE &#8211; Techtextil 2026\" style=\"border-radius:0.75rem;width:100%;height:100%;object-fit:cover;\" srcset=\"https:\/\/re-aps.crosss3.eu\/wp-content\/uploads\/sites\/7\/2026\/01\/Techtextil_2026.webp 800w, https:\/\/re-aps.crosss3.eu\/wp-content\/uploads\/sites\/7\/2026\/01\/Techtextil_2026-300x169.webp 300w, https:\/\/re-aps.crosss3.eu\/wp-content\/uploads\/sites\/7\/2026\/01\/Techtextil_2026-768x432.webp 768w, https:\/\/re-aps.crosss3.eu\/wp-content\/uploads\/sites\/7\/2026\/01\/Techtextil_2026-600x338.webp 600w\" sizes=\"auto, (max-width: 800px) 100vw, 800px\" \/><\/a><\/figure>\n\n\n<div class=\"wp-block-group has-global-padding is-layout-constrained wp-block-group-is-layout-constrained\" style=\"margin-top:0;margin-bottom:0;--octopods-group-z-index:1;--octopods-group-position:absolute;--octopods-group-bottom:10px;--octopods-group-right:10px\"><\/div>\n<\/div>\n\n\n\n<div class=\"wp-block-group wp-container-content-9cfa9a5a is-vertical is-content-justification-stretch is-layout-flex wp-container-core-group-is-layout-40370af1 wp-block-group-is-layout-flex\" style=\"margin-top:0;margin-bottom:0;padding-top:30px;padding-right:var(--wp--preset--spacing--x-small);padding-bottom:var(--wp--preset--spacing--x-small);padding-left:var(--wp--preset--spacing--x-small);--octopods-group-position:relative\">\n<div class=\"wp-block-group cross-card__site has-base-background-color has-background is-content-justification-center is-nowrap is-layout-flex wp-container-core-group-is-layout-1e3ecb59 wp-block-group-is-layout-flex\" style=\"border-top-right-radius:0.75rem;margin-top:0;margin-bottom:0;padding-top:var(--wp--preset--spacing--x-small);padding-right:var(--wp--preset--spacing--small);padding-bottom:var(--wp--preset--spacing--x-small);padding-left:var(--wp--preset--spacing--x-small);--octopods-group-z-index:1;--octopods-group-position:absolute;--octopods-group-top:-35px;--octopods-group-left:0px\">\n<p><div class=\"post-meta-with-html\"><span class='cross-broadcasted-site'>RE-APS<\/span><\/div><\/p>\n<\/div>\n\n\n<h2 style=\"font-size:clamp(0.875em, 0.875rem + ((1vw - 0.2em) * 0.531), 1.3em);font-style:normal;font-weight:600;line-height:1.5; margin-bottom:var(--wp--preset--spacing--x-small);\" class=\"wp-block-post-title\">SAVE THE DATE &#8211; Techtextil 2026<\/h2>\n\n\n<div class=\"wp-block-group has-gray-color has-text-color has-link-color wp-elements-3c00af382a19839d81d5deecce5bf740 is-nowrap is-layout-flex wp-container-core-group-is-layout-6c531013 wp-block-group-is-layout-flex\">\n<div class=\"wp-block-group cross-card__location is-nowrap is-layout-flex wp-container-core-group-is-layout-ae005e3f wp-block-group-is-layout-flex\">\n<div class=\"wp-block-getwid-icon\"><div class=\"wp-block-getwid-icon__wrapper\" style=\"font-size:20px;padding:0px\"><i class=\"bx bx-map\"><\/i><\/div><\/div>\n\n\n\n<p>Frankfurt<\/p>\n<\/div>\n\n\n\n<div class=\"wp-block-group cross-card__date is-nowrap is-layout-flex wp-container-core-group-is-layout-ae005e3f wp-block-group-is-layout-flex\">\n<div class=\"wp-block-getwid-icon\"><div class=\"wp-block-getwid-icon__wrapper\" style=\"font-size:20px;padding:0px\"><i class=\"bx bx-calendar-event\"><\/i><\/div><\/div>\n\n\n\n<p>21\/04 &gt; 24\/04\/2026<\/p>\n<\/div>\n<\/div>\n<\/div>\n\n\n<a class=\"wp-block-read-more\" href=\"https:\/\/re-aps.crosss3.eu\/en\/event\/save-the-date-techtextil-2026\/\" target=\"_self\">D\u00e9couvrir l&#8217;\u00e9v\u00e9nement<span class=\"screen-reader-text\">: SAVE THE DATE &#8211; Techtextil 2026<\/span><\/a><\/div>\n\n<\/li><li class=\"wp-block-post post-889 event type-event status-publish has-post-thumbnail hentry sector-economie-circulaire-2-en\">\n\n<div class=\"wp-block-group cross-card cross-card--event cross-card--slide-item has-border-color has-primary-faded-border-color is-vertical is-content-justification-stretch is-layout-flex wp-container-core-group-is-layout-7e51bace wp-block-group-is-layout-flex\" style=\"border-width:1px;border-radius:0rem;min-height:100%;margin-top:0;margin-bottom:0;padding-top:var(--wp--preset--spacing--small);padding-right:var(--wp--preset--spacing--small);padding-bottom:var(--wp--preset--spacing--small);padding-left:var(--wp--preset--spacing--small);box-shadow:none;--octopods-group-overflow:hidden;--octopods-group-box-shadow:#00000014 0px 0px 25px 0px;--octopods-group-position:relative;aspect-ratio:unset;\" data-aos=\"fade\" data-aos-duration=\"800\" data-aos-easing=\"ease-in-out\" data-aos-once=\"true\">\n<div class=\"wp-block-group w-100 has-neutral-accent-background-color has-background is-layout-flow wp-block-group-is-layout-flow\" style=\"border-radius:0.75rem;margin-top:0;margin-bottom:0;padding-top:0;padding-right:0;padding-bottom:0;padding-left:0;--octopods-group-overflow:visible;--octopods-group-position:relative;aspect-ratio:unset;\"><figure style=\"aspect-ratio:3\/2;\" class=\"w-100 wp-block-post-featured-image\"><a href=\"https:\/\/re-aps.crosss3.eu\/en\/event\/save-the-date-textiles-recycling-expo-2026\/\" target=\"_self\"  ><img loading=\"lazy\" decoding=\"async\" width=\"1350\" height=\"600\" src=\"https:\/\/re-aps.crosss3.eu\/wp-content\/uploads\/sites\/7\/2026\/01\/Textiles-Recycling-Expo.webp\" class=\"attachment-octopods-cover size-octopods-cover wp-post-image\" alt=\"SAVE THE DATE &#8211; Textiles Recycling Expo 2026\" style=\"border-radius:0.75rem;width:100%;height:100%;object-fit:cover;\" srcset=\"https:\/\/re-aps.crosss3.eu\/wp-content\/uploads\/sites\/7\/2026\/01\/Textiles-Recycling-Expo.webp 1350w, https:\/\/re-aps.crosss3.eu\/wp-content\/uploads\/sites\/7\/2026\/01\/Textiles-Recycling-Expo-300x133.webp 300w, https:\/\/re-aps.crosss3.eu\/wp-content\/uploads\/sites\/7\/2026\/01\/Textiles-Recycling-Expo-1024x455.webp 1024w, https:\/\/re-aps.crosss3.eu\/wp-content\/uploads\/sites\/7\/2026\/01\/Textiles-Recycling-Expo-768x341.webp 768w, https:\/\/re-aps.crosss3.eu\/wp-content\/uploads\/sites\/7\/2026\/01\/Textiles-Recycling-Expo-600x267.webp 600w, https:\/\/re-aps.crosss3.eu\/wp-content\/uploads\/sites\/7\/2026\/01\/Textiles-Recycling-Expo-1200x533.webp 1200w\" sizes=\"auto, (max-width: 1350px) 100vw, 1350px\" \/><\/a><\/figure>\n\n\n<div class=\"wp-block-group has-global-padding is-layout-constrained wp-block-group-is-layout-constrained\" style=\"margin-top:0;margin-bottom:0;--octopods-group-z-index:1;--octopods-group-position:absolute;--octopods-group-bottom:10px;--octopods-group-right:10px\"><\/div>\n<\/div>\n\n\n\n<div class=\"wp-block-group wp-container-content-9cfa9a5a is-vertical is-content-justification-stretch is-layout-flex wp-container-core-group-is-layout-40370af1 wp-block-group-is-layout-flex\" style=\"margin-top:0;margin-bottom:0;padding-top:30px;padding-right:var(--wp--preset--spacing--x-small);padding-bottom:var(--wp--preset--spacing--x-small);padding-left:var(--wp--preset--spacing--x-small);--octopods-group-position:relative\">\n<div class=\"wp-block-group cross-card__site has-base-background-color has-background is-content-justification-center is-nowrap is-layout-flex wp-container-core-group-is-layout-1e3ecb59 wp-block-group-is-layout-flex\" style=\"border-top-right-radius:0.75rem;margin-top:0;margin-bottom:0;padding-top:var(--wp--preset--spacing--x-small);padding-right:var(--wp--preset--spacing--small);padding-bottom:var(--wp--preset--spacing--x-small);padding-left:var(--wp--preset--spacing--x-small);--octopods-group-z-index:1;--octopods-group-position:absolute;--octopods-group-top:-35px;--octopods-group-left:0px\">\n<p><div class=\"post-meta-with-html\"><span class='cross-broadcasted-site'>RE-APS<\/span><\/div><\/p>\n<\/div>\n\n\n<h2 style=\"font-size:clamp(0.875em, 0.875rem + ((1vw - 0.2em) * 0.531), 1.3em);font-style:normal;font-weight:600;line-height:1.5; margin-bottom:var(--wp--preset--spacing--x-small);\" class=\"wp-block-post-title\">SAVE THE DATE &#8211; Textiles Recycling Expo 2026<\/h2>\n\n\n<div class=\"wp-block-group has-gray-color has-text-color has-link-color wp-elements-3c00af382a19839d81d5deecce5bf740 is-nowrap is-layout-flex wp-container-core-group-is-layout-6c531013 wp-block-group-is-layout-flex\">\n<div class=\"wp-block-group cross-card__location is-nowrap is-layout-flex wp-container-core-group-is-layout-ae005e3f wp-block-group-is-layout-flex\">\n<div class=\"wp-block-getwid-icon\"><div class=\"wp-block-getwid-icon__wrapper\" style=\"font-size:20px;padding:0px\"><i class=\"bx bx-map\"><\/i><\/div><\/div>\n\n\n\n<p>Brussels<\/p>\n<\/div>\n\n\n\n<div class=\"wp-block-group cross-card__date is-nowrap is-layout-flex wp-container-core-group-is-layout-ae005e3f wp-block-group-is-layout-flex\">\n<div class=\"wp-block-getwid-icon\"><div class=\"wp-block-getwid-icon__wrapper\" style=\"font-size:20px;padding:0px\"><i class=\"bx bx-calendar-event\"><\/i><\/div><\/div>\n\n\n\n<p>24\/06 &gt; 25\/06\/2026<\/p>\n<\/div>\n<\/div>\n<\/div>\n\n\n<a class=\"wp-block-read-more\" href=\"https:\/\/re-aps.crosss3.eu\/en\/event\/save-the-date-textiles-recycling-expo-2026\/\" target=\"_self\">D\u00e9couvrir l&#8217;\u00e9v\u00e9nement<span class=\"screen-reader-text\">: SAVE THE DATE &#8211; Textiles Recycling Expo 2026<\/span><\/a><\/div>\n\n<\/li><\/ul>\n\n<div class=\"facetwp-facet facetwp-facet-pagination facetwp-type-pager\" data-name=\"pagination\" data-type=\"pager\"><\/div>\n\n\n<\/div>\n<\/div>\n\n\n\n<div class=\"wp-block-group alignfull has-primary-faded-background-color has-background is-layout-flow wp-block-group-is-layout-flow\" style=\"min-height:1px;aspect-ratio:unset;\"><\/div>\n","protected":false},"excerpt":{"rendered":"","protected":false},"author":1,"featured_media":0,"parent":0,"menu_order":0,"comment_status":"closed","ping_status":"closed","template":"no-title","meta":{"_acf_changed":false,"inline_featured_image":false,"parent_blog_id":0,"footnotes":""},"class_list":["post-847","page","type-page","status-publish","hentry"],"acf":[],"yoast_head":"<!-- This site is optimized with the Yoast SEO plugin v27.0 - https:\/\/yoast.com\/product\/yoast-seo-wordpress\/ -->\n<title>Calendar - RE-APS<\/title>\n<meta name=\"robots\" content=\"index, follow, max-snippet:-1, max-image-preview:large, max-video-preview:-1\" \/>\n<link rel=\"canonical\" href=\"https:\/\/re-aps.crosss3.eu\/calendar\/\" \/>\n<meta property=\"og:locale\" content=\"en_US\" \/>\n<meta property=\"og:type\" content=\"article\" \/>\n<meta property=\"og:title\" content=\"Calendar - RE-APS\" \/>\n<meta property=\"og:url\" content=\"https:\/\/re-aps.crosss3.eu\/calendar\/\" \/>\n<meta property=\"og:site_name\" content=\"RE-APS\" \/>\n<meta name=\"twitter:card\" content=\"summary_large_image\" \/>\n<script type=\"application\/ld+json\" class=\"yoast-schema-graph\">{\"@context\":\"https:\/\/schema.org\",\"@graph\":[{\"@type\":\"WebPage\",\"@id\":\"https:\/\/re-aps.crosss3.eu\/calendar\/\",\"url\":\"https:\/\/re-aps.crosss3.eu\/calendar\/\",\"name\":\"Calendar - RE-APS\",\"isPartOf\":{\"@id\":\"https:\/\/re-aps.crosss3.eu\/#website\"},\"datePublished\":\"2025-06-19T17:22:17+00:00\",\"breadcrumb\":{\"@id\":\"https:\/\/re-aps.crosss3.eu\/calendar\/#breadcrumb\"},\"inLanguage\":\"en-US\",\"potentialAction\":[{\"@type\":\"ReadAction\",\"target\":[\"https:\/\/re-aps.crosss3.eu\/calendar\/\"]}]},{\"@type\":\"BreadcrumbList\",\"@id\":\"https:\/\/re-aps.crosss3.eu\/calendar\/#breadcrumb\",\"itemListElement\":[{\"@type\":\"ListItem\",\"position\":1,\"name\":\"Accueil\",\"item\":\"https:\/\/re-aps.crosss3.eu\/en\/home\/\"},{\"@type\":\"ListItem\",\"position\":2,\"name\":\"Calendar\"}]},{\"@type\":\"WebSite\",\"@id\":\"https:\/\/re-aps.crosss3.eu\/#website\",\"url\":\"https:\/\/re-aps.crosss3.eu\/\",\"name\":\"RE-APS\",\"description\":\"Et si nos vieux v\u00eatements ou nos autres textiles en polyester usag\u00e9s pouvaient avoir une seconde vie ?\",\"publisher\":{\"@id\":\"https:\/\/re-aps.crosss3.eu\/#organization\"},\"potentialAction\":[{\"@type\":\"SearchAction\",\"target\":{\"@type\":\"EntryPoint\",\"urlTemplate\":\"https:\/\/re-aps.crosss3.eu\/?s={search_term_string}\"},\"query-input\":{\"@type\":\"PropertyValueSpecification\",\"valueRequired\":true,\"valueName\":\"search_term_string\"}}],\"inLanguage\":\"en-US\"},{\"@type\":\"Organization\",\"@id\":\"https:\/\/re-aps.crosss3.eu\/#organization\",\"name\":\"RE-APS\",\"url\":\"https:\/\/re-aps.crosss3.eu\/\",\"logo\":{\"@type\":\"ImageObject\",\"inLanguage\":\"en-US\",\"@id\":\"https:\/\/re-aps.crosss3.eu\/#\/schema\/logo\/image\/\",\"url\":\"https:\/\/re-aps.crosss3.eu\/wp-content\/uploads\/sites\/7\/2025\/06\/re-aps.jpg\",\"contentUrl\":\"https:\/\/re-aps.crosss3.eu\/wp-content\/uploads\/sites\/7\/2025\/06\/re-aps.jpg\",\"width\":664,\"height\":360,\"caption\":\"RE-APS\"},\"image\":{\"@id\":\"https:\/\/re-aps.crosss3.eu\/#\/schema\/logo\/image\/\"}}]}<\/script>\n<!-- \/ Yoast SEO plugin. -->","yoast_head_json":{"title":"Calendar - RE-APS","robots":{"index":"index","follow":"follow","max-snippet":"max-snippet:-1","max-image-preview":"max-image-preview:large","max-video-preview":"max-video-preview:-1"},"canonical":"https:\/\/re-aps.crosss3.eu\/calendar\/","og_locale":"en_US","og_type":"article","og_title":"Calendar - RE-APS","og_url":"https:\/\/re-aps.crosss3.eu\/calendar\/","og_site_name":"RE-APS","twitter_card":"summary_large_image","schema":{"@context":"https:\/\/schema.org","@graph":[{"@type":"WebPage","@id":"https:\/\/re-aps.crosss3.eu\/calendar\/","url":"https:\/\/re-aps.crosss3.eu\/calendar\/","name":"Calendar - RE-APS","isPartOf":{"@id":"https:\/\/re-aps.crosss3.eu\/#website"},"datePublished":"2025-06-19T17:22:17+00:00","breadcrumb":{"@id":"https:\/\/re-aps.crosss3.eu\/calendar\/#breadcrumb"},"inLanguage":"en-US","potentialAction":[{"@type":"ReadAction","target":["https:\/\/re-aps.crosss3.eu\/calendar\/"]}]},{"@type":"BreadcrumbList","@id":"https:\/\/re-aps.crosss3.eu\/calendar\/#breadcrumb","itemListElement":[{"@type":"ListItem","position":1,"name":"Accueil","item":"https:\/\/re-aps.crosss3.eu\/en\/home\/"},{"@type":"ListItem","position":2,"name":"Calendar"}]},{"@type":"WebSite","@id":"https:\/\/re-aps.crosss3.eu\/#website","url":"https:\/\/re-aps.crosss3.eu\/","name":"RE-APS","description":"Et si nos vieux v\u00eatements ou nos autres textiles en polyester usag\u00e9s pouvaient avoir une seconde vie ?","publisher":{"@id":"https:\/\/re-aps.crosss3.eu\/#organization"},"potentialAction":[{"@type":"SearchAction","target":{"@type":"EntryPoint","urlTemplate":"https:\/\/re-aps.crosss3.eu\/?s={search_term_string}"},"query-input":{"@type":"PropertyValueSpecification","valueRequired":true,"valueName":"search_term_string"}}],"inLanguage":"en-US"},{"@type":"Organization","@id":"https:\/\/re-aps.crosss3.eu\/#organization","name":"RE-APS","url":"https:\/\/re-aps.crosss3.eu\/","logo":{"@type":"ImageObject","inLanguage":"en-US","@id":"https:\/\/re-aps.crosss3.eu\/#\/schema\/logo\/image\/","url":"https:\/\/re-aps.crosss3.eu\/wp-content\/uploads\/sites\/7\/2025\/06\/re-aps.jpg","contentUrl":"https:\/\/re-aps.crosss3.eu\/wp-content\/uploads\/sites\/7\/2025\/06\/re-aps.jpg","width":664,"height":360,"caption":"RE-APS"},"image":{"@id":"https:\/\/re-aps.crosss3.eu\/#\/schema\/logo\/image\/"}}]}},"_links":{"self":[{"href":"https:\/\/re-aps.crosss3.eu\/en\/wp-json\/wp\/v2\/pages\/847","targetHints":{"allow":["GET"]}}],"collection":[{"href":"https:\/\/re-aps.crosss3.eu\/en\/wp-json\/wp\/v2\/pages"}],"about":[{"href":"https:\/\/re-aps.crosss3.eu\/en\/wp-json\/wp\/v2\/types\/page"}],"author":[{"embeddable":true,"href":"https:\/\/re-aps.crosss3.eu\/en\/wp-json\/wp\/v2\/users\/1"}],"replies":[{"embeddable":true,"href":"https:\/\/re-aps.crosss3.eu\/en\/wp-json\/wp\/v2\/comments?post=847"}],"version-history":[{"count":0,"href":"https:\/\/re-aps.crosss3.eu\/en\/wp-json\/wp\/v2\/pages\/847\/revisions"}],"wp:attachment":[{"href":"https:\/\/re-aps.crosss3.eu\/en\/wp-json\/wp\/v2\/media?parent=847"}],"curies":[{"name":"wp","href":"https:\/\/api.w.org\/{rel}","templated":true}]}}